{"id":107,"date":"2024-08-08T14:45:21","date_gmt":"2024-08-08T12:45:21","guid":{"rendered":"http:\/\/ireneobringer.fr\/?page_id=107"},"modified":"2026-02-09T18:20:45","modified_gmt":"2026-02-09T17:20:45","slug":"d-les-differentes-seances","status":"publish","type":"page","link":"https:\/\/ireneobringer.fr\/?page_id=107","title":{"rendered":"Les diff\u00e9rentes s\u00e9ances"},"content":{"rendered":"\n<div class=\"wp-block-columns flex-reverse is-layout-flex wp-container-core-columns-is-layout-28f84493 wp-block-columns-is-layout-flex\">\n<div class=\"wp-block-column is-layout-flow wp-block-column-is-layout-flow\">\n<figure class=\"wp-block-image size-full\"><img loading=\"lazy\" decoding=\"async\" width=\"1333\" height=\"2000\" src=\"https:\/\/ireneobringer.fr\/wp-content\/uploads\/2025\/01\/al.jpg\" alt=\"\" class=\"wp-image-581\" srcset=\"https:\/\/ireneobringer.fr\/wp-content\/uploads\/2025\/01\/al.jpg 1333w, https:\/\/ireneobringer.fr\/wp-content\/uploads\/2025\/01\/al-200x300.jpg 200w, https:\/\/ireneobringer.fr\/wp-content\/uploads\/2025\/01\/al-682x1024.jpg 682w, https:\/\/ireneobringer.fr\/wp-content\/uploads\/2025\/01\/al-768x1152.jpg 768w, https:\/\/ireneobringer.fr\/wp-content\/uploads\/2025\/01\/al-1024x1536.jpg 1024w\" sizes=\"auto, (max-width: 1333px) 100vw, 1333px\" \/><\/figure>\n<\/div>\n\n\n\n<div class=\"wp-block-column is-layout-flow wp-block-column-is-layout-flow\">\n<h2 class=\"wp-block-heading\">Bilan de vitalit\u00e9<\/h2>\n\n\n\n<p><strong>1h30 en pr\u00e9sentiel \u00e0 Chom\u00e9rac (+ 30 min de r\u00e9daction du compte rendu en option)<\/strong> &#8211; visio possible.<\/p>\n\n\n\n<ul class=\"wp-block-list\">\n<li>Cette premi\u00e8re rencontre permet de vous conna\u00eetre, vous \u00e9couter et cibler vos attentes et besoins, par un questionnaire complet et l&rsquo;utilisation des techniques de Bilan.<\/li>\n\n\n\n<li>P\u00e9dagogie et explications sont au centre de cette s\u00e9ance, afin que vous puissiez bien comprendre et vous approprier les conseils et techniques composant votre Programme d&rsquo;Hygi\u00e8ne Vitale.<\/li>\n\n\n\n<li>Vous validez les propositions, pour une int\u00e9gration la plus efficace possible des conseils dans votre quotidien.<\/li>\n<\/ul>\n<\/div>\n<\/div>\n\n\n\n<hr class=\"wp-block-separator has-alpha-channel-opacity is-style-dots\"\/>\n\n\n\n<div class=\"wp-block-columns is-layout-flex wp-container-core-columns-is-layout-28f84493 wp-block-columns-is-layout-flex\">\n<div class=\"wp-block-column is-layout-flow wp-block-column-is-layout-flow\">\n<h2 class=\"wp-block-heading\"><strong>S\u00e9ance de suivi <\/strong><\/h2>\n\n\n\n<p><strong>De 45 minutes \u00e0 1h en pr\u00e9sentiel (+ 15 min de r\u00e9daction de compte rendu<\/strong> <strong>en option)<\/strong><\/p>\n\n\n\n<p>Ce temps permet de vous accompagner dans votre d\u00e9marche petit \u00e0 petit, et vous aider \u00e0 ancrer les conseils en hygi\u00e8ne de vie de la s\u00e9ance pr\u00e9c\u00e9dente dans votre quotidien. Parce que vous \u00eates unique, les conseils sont personnalis\u00e9s et r\u00e9\u00e9valu\u00e9s \u00e0 chaque rencontre, en fonction de vos avanc\u00e9es<\/p>\n<\/div>\n\n\n\n<div class=\"wp-block-column is-layout-flow wp-block-column-is-layout-flow\">\n<figure class=\"wp-block-image size-full\"><img loading=\"lazy\" decoding=\"async\" width=\"1333\" height=\"2000\" src=\"https:\/\/ireneobringer.fr\/wp-content\/uploads\/2025\/01\/al1.jpg\" alt=\"\" class=\"wp-image-582\" srcset=\"https:\/\/ireneobringer.fr\/wp-content\/uploads\/2025\/01\/al1.jpg 1333w, https:\/\/ireneobringer.fr\/wp-content\/uploads\/2025\/01\/al1-200x300.jpg 200w, https:\/\/ireneobringer.fr\/wp-content\/uploads\/2025\/01\/al1-682x1024.jpg 682w, https:\/\/ireneobringer.fr\/wp-content\/uploads\/2025\/01\/al1-768x1152.jpg 768w, https:\/\/ireneobringer.fr\/wp-content\/uploads\/2025\/01\/al1-1024x1536.jpg 1024w\" sizes=\"auto, (max-width: 1333px) 100vw, 1333px\" \/><\/figure>\n<\/div>\n<\/div>\n\n\n\n<hr class=\"wp-block-separator has-alpha-channel-opacity is-style-dots\"\/>\n\n\n\n<div class=\"wp-block-columns flex-reverse is-layout-flex wp-container-core-columns-is-layout-28f84493 wp-block-columns-is-layout-flex\">\n<div class=\"wp-block-column is-layout-flow wp-block-column-is-layout-flow\">\n<figure class=\"wp-block-image size-large\"><img loading=\"lazy\" decoding=\"async\" width=\"682\" height=\"1024\" src=\"https:\/\/ireneobringer.fr\/wp-content\/uploads\/2025\/01\/Design-sans-titre-682x1024.jpg\" alt=\"\" class=\"wp-image-577\" srcset=\"https:\/\/ireneobringer.fr\/wp-content\/uploads\/2025\/01\/Design-sans-titre-682x1024.jpg 682w, https:\/\/ireneobringer.fr\/wp-content\/uploads\/2025\/01\/Design-sans-titre-200x300.jpg 200w, https:\/\/ireneobringer.fr\/wp-content\/uploads\/2025\/01\/Design-sans-titre-768x1152.jpg 768w, https:\/\/ireneobringer.fr\/wp-content\/uploads\/2025\/01\/Design-sans-titre-1024x1536.jpg 1024w, https:\/\/ireneobringer.fr\/wp-content\/uploads\/2025\/01\/Design-sans-titre.jpg 1333w\" sizes=\"auto, (max-width: 682px) 100vw, 682px\" \/><\/figure>\n\n\n\n<figure class=\"wp-block-image size-large\"><img loading=\"lazy\" decoding=\"async\" width=\"1024\" height=\"768\" src=\"https:\/\/ireneobringer.fr\/wp-content\/uploads\/2025\/01\/20250106_142039-1024x768.jpg\" alt=\"\" class=\"wp-image-578\" srcset=\"https:\/\/ireneobringer.fr\/wp-content\/uploads\/2025\/01\/20250106_142039-1024x768.jpg 1024w, https:\/\/ireneobringer.fr\/wp-content\/uploads\/2025\/01\/20250106_142039-300x225.jpg 300w, https:\/\/ireneobringer.fr\/wp-content\/uploads\/2025\/01\/20250106_142039-768x576.jpg 768w, https:\/\/ireneobringer.fr\/wp-content\/uploads\/2025\/01\/20250106_142039-1536x1152.jpg 1536w, https:\/\/ireneobringer.fr\/wp-content\/uploads\/2025\/01\/20250106_142039-2048x1536.jpg 2048w\" sizes=\"auto, (max-width: 1024px) 100vw, 1024px\" \/><\/figure>\n<\/div>\n\n\n\n<div class=\"wp-block-column is-layout-flow wp-block-column-is-layout-flow\">\n<h2 class=\"wp-block-heading\"><strong>  Massages Bien \u00catre<\/strong><\/h2>\n\n\n\n<p><strong>Drainage Lympho D\u00e9tox<\/strong> : <\/p>\n\n\n\n<p>Ce massage associe des mouvements lents, doux, pr\u00e9cis et enveloppants, qui aident \u00e0 stimuler la circulation lymphatique.<\/p>\n\n\n\n<p>Ce soin peut \u00eatre particuli\u00e8rement appr\u00e9ci\u00e9 pour :<\/p>\n\n\n\n<ul class=\"wp-block-list\">\n<li>une <strong>sensation de l\u00e9g\u00e8ret\u00e9<\/strong> dans les jambes ou les zones sujettes \u00e0 la r\u00e9tention d\u2019eau ou \u00e0 des tensions<\/li>\n\n\n\n<li>une <strong>meilleure r\u00e9cup\u00e9ration physique<\/strong>, id\u00e9ale pour les sportifs ou apr\u00e8s une p\u00e9riode de fatigue <\/li>\n\n\n\n<li>une d\u00e9marche bien-\u00eatre en <strong>compl\u00e9ment d\u2019un objectif minceur<\/strong>, en soutenant naturellement les fonctions du corps.<\/li>\n<\/ul>\n\n\n\n<p><em>Dans la logique naturopathique, un questionnaire vous sera adress\u00e9 lors de la prise de rendez-vous : il est essentiel \u00e0 une prise en charge personnalis\u00e9e.<\/em><\/p>\n<\/div>\n<\/div>\n\n\n\n<hr class=\"wp-block-separator has-alpha-channel-opacity is-style-dots\"\/>\n\n\n\n<div class=\"wp-block-columns is-layout-flex wp-container-core-columns-is-layout-28f84493 wp-block-columns-is-layout-flex\">\n<div class=\"wp-block-column is-layout-flow wp-block-column-is-layout-flow\">\n<p><strong>Le Chi Nei Tsang : lib\u00e9rez vos tensions et harmonisez votre \u00e9nergie<\/strong><\/p>\n\n\n\n<p>Le <strong>Chi Nei Tsang<\/strong> est un massage tao\u00efste du ventre qui agit en profondeur sur les organes internes pour lib\u00e9rer les tensions physiques et \u00e9motionnelles : il consid\u00e8re l\u2019abdomen comme notre <strong>centre \u00e9nerg\u00e9tique<\/strong> et un v\u00e9ritable \u00ab\u00a0deuxi\u00e8me cerveau\u00a0\u00bb.<\/p>\n\n\n\n<p>Gr\u00e2ce \u00e0 des pressions cibl\u00e9es et des techniques de respiration, ce massage peut contribuer \u00e0 :<br><strong>D\u00e9toxifier<\/strong> et stimuler le fonctionnement des organes.<br><strong>Lib\u00e8rer les blocages \u00e9motionnels<\/strong> et favorise un mieux-\u00eatre global.<br><strong>Am\u00e9liorer la digestion<\/strong> et la circulation de l\u2019\u00e9nergie vitale.<br><strong>Apaiser le stress<\/strong> et<strong> r\u00e9\u00e9quilibrer le corps et l\u2019esprit<\/strong><\/p>\n<\/div>\n\n\n\n<div class=\"wp-block-column is-layout-flow wp-block-column-is-layout-flow\">\n<figure class=\"wp-block-image size-large\"><img loading=\"lazy\" decoding=\"async\" width=\"682\" height=\"1024\" src=\"https:\/\/ireneobringer.fr\/wp-content\/uploads\/2025\/02\/al11-682x1024.jpg\" alt=\"\" class=\"wp-image-630\" srcset=\"https:\/\/ireneobringer.fr\/wp-content\/uploads\/2025\/02\/al11-682x1024.jpg 682w, https:\/\/ireneobringer.fr\/wp-content\/uploads\/2025\/02\/al11-200x300.jpg 200w, https:\/\/ireneobringer.fr\/wp-content\/uploads\/2025\/02\/al11-768x1152.jpg 768w, https:\/\/ireneobringer.fr\/wp-content\/uploads\/2025\/02\/al11-1024x1536.jpg 1024w, https:\/\/ireneobringer.fr\/wp-content\/uploads\/2025\/02\/al11.jpg 1333w\" sizes=\"auto, (max-width: 682px) 100vw, 682px\" \/><\/figure>\n<\/div>\n<\/div>\n\n\n\n<div class=\"wp-block-columns flex-reverse is-layout-flex wp-container-core-columns-is-layout-28f84493 wp-block-columns-is-layout-flex\">\n<div class=\"wp-block-column is-layout-flow wp-block-column-is-layout-flow\">\n<figure class=\"wp-block-image size-large\"><img loading=\"lazy\" decoding=\"async\" width=\"682\" height=\"1024\" src=\"https:\/\/ireneobringer.fr\/wp-content\/uploads\/2025\/01\/al2-682x1024.jpg\" alt=\"\" class=\"wp-image-583\" srcset=\"https:\/\/ireneobringer.fr\/wp-content\/uploads\/2025\/01\/al2-682x1024.jpg 682w, https:\/\/ireneobringer.fr\/wp-content\/uploads\/2025\/01\/al2-200x300.jpg 200w, https:\/\/ireneobringer.fr\/wp-content\/uploads\/2025\/01\/al2-768x1152.jpg 768w, https:\/\/ireneobringer.fr\/wp-content\/uploads\/2025\/01\/al2-1024x1536.jpg 1024w, https:\/\/ireneobringer.fr\/wp-content\/uploads\/2025\/01\/al2.jpg 1333w\" sizes=\"auto, (max-width: 682px) 100vw, 682px\" \/><\/figure>\n<\/div>\n\n\n\n<div class=\"wp-block-column is-layout-flow wp-block-column-is-layout-flow\">\n<h2 class=\"wp-block-heading\">R\u00e9flexologie Plantaire<\/h2>\n\n\n\n<p>\u00ab\u00a0Harmonisation et d\u00e9tente\u00a0\u00bb<\/p>\n\n\n\n<p>Dur\u00e9e 1h : en s\u00e9ance de suivi uniquement (apr\u00e8s au moins une s\u00e9ance de naturopathie).<\/p>\n\n\n\n<p>Les zones sensibles des pieds apportent des indications importantes, afin de cibler les besoins d&rsquo;accompagnement et commencer le travail de r\u00e9harmonisation gr\u00e2ce \u00e0 la s\u00e9ance de r\u00e9flexologie. La naturopathie permet ensuite un focus sur les organes ou syst\u00e8mes qui ont \u00e9t\u00e9 relev\u00e9s gr\u00e2ce \u00e0 cette technique de bilan. Mais c&rsquo;est aussi un moment relaxant, propice \u00e0 la d\u00e9tente!<\/p>\n<\/div>\n<\/div>\n\n\n\n<hr class=\"wp-block-separator has-alpha-channel-opacity is-style-dots\"\/>\n\n\n\n<div class=\"wp-block-columns is-layout-flex wp-container-core-columns-is-layout-28f84493 wp-block-columns-is-layout-flex\">\n<div class=\"wp-block-column is-layout-flow wp-block-column-is-layout-flow\">\n<h2 class=\"wp-block-heading\"><strong>\u00ab&nbsp;Bain de for\u00eat&nbsp;\u00bb, Sylvoth\u00e9rapie par l\u2019approche Coach-Respiration<\/strong><\/h2>\n\n\n\n<p><strong>Dur\u00e9e 1h30, en groupe de 4 personnes minimum ou en individuel.<\/strong><\/p>\n\n\n\n<p>Une marche douce en for\u00eat, au plus pr\u00e8s des arbres pour vous r\u00e9oxyg\u00e9ner en profondeur. Un bain \u00ab\u00a0zen\u00a0\u00bb, pour vous recharger en \u00e9nergie.<\/p>\n<\/div>\n\n\n\n<div class=\"wp-block-column is-layout-flow wp-block-column-is-layout-flow\">\n<figure class=\"wp-block-image size-large\"><img loading=\"lazy\" decoding=\"async\" width=\"682\" height=\"1024\" src=\"https:\/\/ireneobringer.fr\/wp-content\/uploads\/2025\/01\/al3-682x1024.jpg\" alt=\"\" class=\"wp-image-585\" srcset=\"https:\/\/ireneobringer.fr\/wp-content\/uploads\/2025\/01\/al3-682x1024.jpg 682w, https:\/\/ireneobringer.fr\/wp-content\/uploads\/2025\/01\/al3-200x300.jpg 200w, https:\/\/ireneobringer.fr\/wp-content\/uploads\/2025\/01\/al3-768x1152.jpg 768w, https:\/\/ireneobringer.fr\/wp-content\/uploads\/2025\/01\/al3-1024x1536.jpg 1024w, https:\/\/ireneobringer.fr\/wp-content\/uploads\/2025\/01\/al3.jpg 1333w\" sizes=\"auto, (max-width: 682px) 100vw, 682px\" \/><\/figure>\n<\/div>\n<\/div>\n\n\n\n<hr class=\"wp-block-separator has-alpha-channel-opacity is-style-dots\"\/>\n\n\n\n<div class=\"wp-block-columns flex-reverse is-layout-flex wp-container-core-columns-is-layout-28f84493 wp-block-columns-is-layout-flex\">\n<div class=\"wp-block-column is-layout-flow wp-block-column-is-layout-flow\">\n<figure class=\"wp-block-image size-large\"><img loading=\"lazy\" decoding=\"async\" width=\"682\" height=\"1024\" src=\"https:\/\/ireneobringer.fr\/wp-content\/uploads\/2025\/01\/al6-682x1024.jpg\" alt=\"\" class=\"wp-image-589\" srcset=\"https:\/\/ireneobringer.fr\/wp-content\/uploads\/2025\/01\/al6-682x1024.jpg 682w, https:\/\/ireneobringer.fr\/wp-content\/uploads\/2025\/01\/al6-200x300.jpg 200w, https:\/\/ireneobringer.fr\/wp-content\/uploads\/2025\/01\/al6-768x1152.jpg 768w, https:\/\/ireneobringer.fr\/wp-content\/uploads\/2025\/01\/al6-1024x1536.jpg 1024w, https:\/\/ireneobringer.fr\/wp-content\/uploads\/2025\/01\/al6.jpg 1333w\" sizes=\"auto, (max-width: 682px) 100vw, 682px\" \/><\/figure>\n<\/div>\n\n\n\n<div class=\"wp-block-column is-layout-flow wp-block-column-is-layout-flow\">\n<h2 class=\"wp-block-heading\"><strong>La Ho Chi<\/strong><\/h2>\n\n\n\n<p><strong>Une \u00e9nergie d\u2019harmonie et de bien-\u00eatre<\/strong><br>Le LaHoChi est une pratique \u00e9nerg\u00e9tique douce, accessible \u00e0 tous, qui repose sur l\u2019imposition des mains. Cette m\u00e9thode simple et puissante vise \u00e0 harmoniser les \u00e9nergies, apaiser le mental et soutenir un \u00e9quilibre global, tant sur le plan physique qu\u2019\u00e9motionnel.<\/p>\n\n\n\n<p>Une s\u00e9ance de LaHoChi est un v\u00e9ritable moment de reconnexion \u00e0 soi. Elle invite \u00e0 un profond l\u00e2cher-prise et offre une parenth\u00e8se ressour\u00e7ante pour retrouver calme et vitalit\u00e9 dans le quotidien.<\/p>\n<\/div>\n<\/div>\n\n\n\n<hr class=\"wp-block-separator has-alpha-channel-opacity is-style-dots\"\/>\n\n\n\n<div class=\"wp-block-columns is-layout-flex wp-container-core-columns-is-layout-28f84493 wp-block-columns-is-layout-flex\">\n<div class=\"wp-block-column is-layout-flow wp-block-column-is-layout-flow\">\n<h2 class=\"wp-block-heading\"><strong>Forfait \u00ab&nbsp;D\u00e9couverte et Harmonie&nbsp;\u00bb&nbsp;<\/strong><\/h2>\n\n\n\n<p>Un accompagnement sur 4 mois cons\u00e9cutifs, comprenant : <\/p>\n\n\n\n<ul class=\"wp-block-list\">\n<li>1 Bilan de Vitalit\u00e9 <\/li>\n\n\n\n<li>3 S\u00e9ances de 1h au choix parmi&nbsp;: \n<ul class=\"wp-block-list\">\n<li>Massage Drainage Lympho D\u00e9tox ou Chi Nei Tsang <\/li>\n\n\n\n<li>S\u00e9ance LaHoChi, <\/li>\n\n\n\n<li>R\u00e9flexologie \u00ab&nbsp;harmonisation et d\u00e9tente&nbsp;\u00bb<\/li>\n<\/ul>\n<\/li>\n<\/ul>\n<\/div>\n\n\n\n<div class=\"wp-block-column is-layout-flow wp-block-column-is-layout-flow\">\n<figure class=\"wp-block-image size-large\"><img loading=\"lazy\" decoding=\"async\" width=\"682\" height=\"1024\" src=\"https:\/\/ireneobringer.fr\/wp-content\/uploads\/2025\/01\/al4-682x1024.jpg\" alt=\"\" class=\"wp-image-586\" srcset=\"https:\/\/ireneobringer.fr\/wp-content\/uploads\/2025\/01\/al4-682x1024.jpg 682w, https:\/\/ireneobringer.fr\/wp-content\/uploads\/2025\/01\/al4-200x300.jpg 200w, https:\/\/ireneobringer.fr\/wp-content\/uploads\/2025\/01\/al4-768x1152.jpg 768w, https:\/\/ireneobringer.fr\/wp-content\/uploads\/2025\/01\/al4-1024x1536.jpg 1024w, https:\/\/ireneobringer.fr\/wp-content\/uploads\/2025\/01\/al4.jpg 1333w\" sizes=\"auto, (max-width: 682px) 100vw, 682px\" \/><\/figure>\n<\/div>\n<\/div>\n\n\n\n<hr class=\"wp-block-separator has-alpha-channel-opacity is-style-dots\"\/>\n\n\n\n<div class=\"wp-block-columns flex-reverse is-layout-flex wp-container-core-columns-is-layout-28f84493 wp-block-columns-is-layout-flex\">\n<div class=\"wp-block-column is-layout-flow wp-block-column-is-layout-flow\">\n<figure class=\"wp-block-image size-large\"><img loading=\"lazy\" decoding=\"async\" width=\"682\" height=\"1024\" src=\"https:\/\/ireneobringer.fr\/wp-content\/uploads\/2025\/01\/al5-682x1024.jpg\" alt=\"\" class=\"wp-image-587\" srcset=\"https:\/\/ireneobringer.fr\/wp-content\/uploads\/2025\/01\/al5-682x1024.jpg 682w, https:\/\/ireneobringer.fr\/wp-content\/uploads\/2025\/01\/al5-200x300.jpg 200w, https:\/\/ireneobringer.fr\/wp-content\/uploads\/2025\/01\/al5-768x1152.jpg 768w, https:\/\/ireneobringer.fr\/wp-content\/uploads\/2025\/01\/al5-1024x1536.jpg 1024w, https:\/\/ireneobringer.fr\/wp-content\/uploads\/2025\/01\/al5.jpg 1333w\" sizes=\"auto, (max-width: 682px) 100vw, 682px\" \/><\/figure>\n<\/div>\n\n\n\n<div class=\"wp-block-column is-layout-flow wp-block-column-is-layout-flow\">\n<h2 class=\"wp-block-heading\"><strong>Forfait \u00ab&nbsp;Chemin de la Nature\u00bb&nbsp;<\/strong><\/h2>\n\n\n\n<p>Un accompagnement qui peut s&rsquo;\u00e9chelonner sur 6 mois cons\u00e9cutifs, comprenant : <\/p>\n\n\n\n<ul class=\"wp-block-list\">\n<li> 1 Bilan de Vitalit\u00e9 <\/li>\n\n\n\n<li> 4 S\u00e9ances de 1h au choix parmi&nbsp;:\n<ul class=\"wp-block-list\">\n<li>Massage Drainage Lympho D\u00e9tox ou Chi Nei Tsang<\/li>\n\n\n\n<li>S\u00e9ance LaHoChi, <\/li>\n\n\n\n<li>R\u00e9flexologie \u00ab&nbsp;harmonisation et d\u00e9tente&nbsp;\u00bb<\/li>\n<\/ul>\n<\/li>\n\n\n\n<li>1 s\u00e9ance \u00ab\u00a0Bain de For\u00eat\u00a0\u00bb individuelle<\/li>\n<\/ul>\n<\/div>\n<\/div>\n","protected":false},"excerpt":{"rendered":"<p>Bilan de vitalit\u00e9 1h30 en pr\u00e9sentiel \u00e0 Chom\u00e9rac (+ 30 min de r\u00e9daction du compte rendu en option) &#8211; visio possible. S\u00e9ance de suivi De 45 minutes \u00e0 1h en pr\u00e9sentiel (+ 15 min de r\u00e9daction de compte rendu en option) Ce temps permet de vous accompagner dans votre d\u00e9marche petit \u00e0 petit, et vous [&hellip;]<\/p>\n","protected":false},"author":1,"featured_media":0,"parent":0,"menu_order":0,"comment_status":"closed","ping_status":"closed","template":"","meta":{"_themeisle_gutenberg_block_has_review":false,"footnotes":""},"class_list":["post-107","page","type-page","status-publish","hentry"],"_links":{"self":[{"href":"https:\/\/ireneobringer.fr\/index.php?rest_route=\/wp\/v2\/pages\/107","targetHints":{"allow":["GET"]}}],"collection":[{"href":"https:\/\/ireneobringer.fr\/index.php?rest_route=\/wp\/v2\/pages"}],"about":[{"href":"https:\/\/ireneobringer.fr\/index.php?rest_route=\/wp\/v2\/types\/page"}],"author":[{"embeddable":true,"href":"https:\/\/ireneobringer.fr\/index.php?rest_route=\/wp\/v2\/users\/1"}],"replies":[{"embeddable":true,"href":"https:\/\/ireneobringer.fr\/index.php?rest_route=%2Fwp%2Fv2%2Fcomments&post=107"}],"version-history":[{"count":28,"href":"https:\/\/ireneobringer.fr\/index.php?rest_route=\/wp\/v2\/pages\/107\/revisions"}],"predecessor-version":[{"id":691,"href":"https:\/\/ireneobringer.fr\/index.php?rest_route=\/wp\/v2\/pages\/107\/revisions\/691"}],"wp:attachment":[{"href":"https:\/\/ireneobringer.fr\/index.php?rest_route=%2Fwp%2Fv2%2Fmedia&parent=107"}],"curies":[{"name":"wp","href":"https:\/\/api.w.org\/{rel}","templated":true}]}}