{"id":108,"date":"2024-08-08T14:44:54","date_gmt":"2024-08-08T12:44:54","guid":{"rendered":"http:\/\/ireneobringer.fr\/?page_id=108"},"modified":"2024-09-17T11:58:27","modified_gmt":"2024-09-17T09:58:27","slug":"mentions-legales","status":"publish","type":"page","link":"https:\/\/ireneobringer.fr\/?page_id=108","title":{"rendered":"Mentions L\u00e9gales"},"content":{"rendered":"\n<p><span style=\"text-decoration: underline;\">\u00c9diteur :<\/span><br>Le site IRENEOBRINGER.FR est \u00e9dit\u00e9 par\u00a0: OBRINGER Ir\u00e8ne Entrepreneur Individuel SIREN 813585551<br>Si\u00e8ge social\u00a0: 46 chemin des ouvri\u00e8res de la soie &#8211; 07210 CHOMERAC<br>Directeur de la publication\u00a0: OBRINGER Ir\u00e8ne<br>T\u00e9l\u00e9phone\u00a0: 0613080455<br>Courriel\u00a0: contact@ireneobringer.fr<\/p>\n\n\n\n<p><span style=\"text-decoration: underline;\">H\u00e9bergeur :<\/span><br>L&rsquo;h\u00e9bergement du site est assur\u00e9 par\u00a0: OVH SAS<br>Si\u00e8ge social\u00a0: 2 rue Kellermann \u2013 59100 Roubaix \u2013 France<br>T\u00e9l\u00e9phone\u00a0: 33899701761<\/p>\n\n\n\n<p><span style=\"text-decoration: underline;\">Propri\u00e9t\u00e9 intellectuelle :<\/span><br>L&rsquo;\u00e9diteur est seul titulaire des droits de propri\u00e9t\u00e9 intellectuelle ou droits d&rsquo;exploitation sur l&rsquo;ensemble du site, sa structure et son contenu, y compris notamment les textes, images, photographies, illustrations, logos, vid\u00e9os, bases de donn\u00e9es et logiciels.<br>Toute repr\u00e9sentation, reproduction, adaptation, modification ou exploitation non autoris\u00e9e est interdite et susceptible de constituer une contrefa\u00e7on au sens des articles L. 335-2 et suivants du Code de la propri\u00e9t\u00e9 intellectuelle.<br>Concepteur du site\u00a0: Florent MICHEL<\/p>\n\n\n\n<p><span style=\"text-decoration: underline;\">Liens hypertexte :<\/span><br>Des liens hypertextes vers des sites externes peuvent \u00eatre pr\u00e9sents sur le site. L&rsquo;\u00e9diteur d\u00e9cline toute responsabilit\u00e9 pour le contenu des sites externes ou les probl\u00e8mes techniques li\u00e9s \u00e0 leur utilisation.<\/p>\n\n\n\n<p><span style=\"text-decoration: underline;\">Donn\u00e9es personnelles :<\/span><br>L&rsquo;\u00e9diteur du site s&rsquo;engage \u00e0 mettre en \u0153uvre un traitement des donn\u00e9es personnelles respectueux de la vie priv\u00e9e et conforme \u00e0 la l\u00e9gislation fran\u00e7aise et europ\u00e9enne en vigueur.<br>Plus d&rsquo;informations sur le traitement des donn\u00e9es personnelles sont disponibles \u00e0 cette adresse\u00a0:<br>https:\/\/ireneobringer.fr\/politique-de-confidentialite.<\/p>\n\n\n\n<p><span style=\"text-decoration: underline;\">Cookies :<\/span><br>L&rsquo;\u00e9diteur du site utilise des cookies et traceurs permettant d&rsquo;offrir une meilleure exp\u00e9rience sur le site.<br>La limitation des cookies peut \u00eatre configur\u00e9e dans les param\u00e8tres de votre navigateur ou en utilisant la navigation priv\u00e9e.<br>Plus d&rsquo;informations sur les cookies et leur fonctionnement sont disponibles \u00e0 cette adresse\u00a0:<br>https:\/\/allaboutcookies.org\/fr.<\/p>\n","protected":false},"excerpt":{"rendered":"<p>\u00c9diteur :Le site IRENEOBRINGER.FR est \u00e9dit\u00e9 par\u00a0: OBRINGER Ir\u00e8ne Entrepreneur Individuel SIREN 813585551Si\u00e8ge social\u00a0: 46 chemin des ouvri\u00e8res de la soie &#8211; 07210 CHOMERACDirecteur de la publication\u00a0: OBRINGER Ir\u00e8neT\u00e9l\u00e9phone\u00a0: 0613080455Courriel\u00a0: contact@ireneobringer.fr H\u00e9bergeur :L&rsquo;h\u00e9bergement du site est assur\u00e9 par\u00a0: OVH SASSi\u00e8ge social\u00a0: 2 rue Kellermann \u2013 59100 Roubaix \u2013 FranceT\u00e9l\u00e9phone\u00a0: 33899701761 Propri\u00e9t\u00e9 intellectuelle :L&rsquo;\u00e9diteur est seul [&hellip;]<\/p>\n","protected":false},"author":1,"featured_media":0,"parent":0,"menu_order":0,"comment_status":"closed","ping_status":"closed","template":"","meta":{"_themeisle_gutenberg_block_has_review":false,"footnotes":""},"class_list":["post-108","page","type-page","status-publish","hentry"],"_links":{"self":[{"href":"https:\/\/ireneobringer.fr\/index.php?rest_route=\/wp\/v2\/pages\/108","targetHints":{"allow":["GET"]}}],"collection":[{"href":"https:\/\/ireneobringer.fr\/index.php?rest_route=\/wp\/v2\/pages"}],"about":[{"href":"https:\/\/ireneobringer.fr\/index.php?rest_route=\/wp\/v2\/types\/page"}],"author":[{"embeddable":true,"href":"https:\/\/ireneobringer.fr\/index.php?rest_route=\/wp\/v2\/users\/1"}],"replies":[{"embeddable":true,"href":"https:\/\/ireneobringer.fr\/index.php?rest_route=%2Fwp%2Fv2%2Fcomments&post=108"}],"version-history":[{"count":3,"href":"https:\/\/ireneobringer.fr\/index.php?rest_route=\/wp\/v2\/pages\/108\/revisions"}],"predecessor-version":[{"id":384,"href":"https:\/\/ireneobringer.fr\/index.php?rest_route=\/wp\/v2\/pages\/108\/revisions\/384"}],"wp:attachment":[{"href":"https:\/\/ireneobringer.fr\/index.php?rest_route=%2Fwp%2Fv2%2Fmedia&parent=108"}],"curies":[{"name":"wp","href":"https:\/\/api.w.org\/{rel}","templated":true}]}}