{"id":56,"date":"2024-08-08T14:44:14","date_gmt":"2024-08-08T12:44:14","guid":{"rendered":"http:\/\/ireneobringer.fr\/?page_id=56"},"modified":"2026-02-09T18:24:31","modified_gmt":"2026-02-09T17:24:31","slug":"b-parcours-et-formations","status":"publish","type":"page","link":"https:\/\/ireneobringer.fr\/?page_id=56","title":{"rendered":"Parcours et Formations"},"content":{"rendered":"\n<div class=\"wp-block-columns is-layout-flex wp-container-core-columns-is-layout-28f84493 wp-block-columns-is-layout-flex\">\n<div class=\"wp-block-column is-layout-flow wp-block-column-is-layout-flow\">\n<p><strong>Mon parcours<\/strong><br>Passionn\u00e9e par la nature et ses tr\u00e9sors, je suis form\u00e9e \u00e0 la naturopathie avec une sp\u00e9cialisation en herboristerie. Mon objectif : accompagner les personnes en qu\u00eate de bien-\u00eatre en utilisant l&rsquo;hygi\u00e8ne de vie, les plantes et des pratiques naturelles. Chaque individu \u00e9tant unique, j\u2019adapte mes conseils \u00e0 vos besoins sp\u00e9cifiques en respectant votre rythme et vos objectifs. Dans un lieu chaleureux et propice au bien \u00eatre, \u00e0 Chom\u00e9rac, en Ard\u00e8che, vous pourrez d\u00e9couvrir l&rsquo;ensemble des pratiques que je vous propose, au service de votre bien-\u00eatre.<\/p>\n\n\n\n<p><strong>Ma philosophie<\/strong><br>La naturopathie repose sur des principes simples : retrouver un \u00e9quilibre au naturel et faire confiance au pouvoir de r\u00e9g\u00e9n\u00e9ration du corps. J&rsquo;accorde une grande importance \u00e0 la pr\u00e9vention et \u00e0 l&rsquo;\u00e9coute du corps \u00e0 travers des m\u00e9thodes douces, telles que l\u2019usage de plantes m\u00e9dicinales, une alimentation consciente, des pratiques corporelles, techniques respiratoires&#8230;<\/p>\n\n\n\n<div class=\"wp-block-columns is-layout-flex wp-container-core-columns-is-layout-28f84493 wp-block-columns-is-layout-flex\">\n<div class=\"wp-block-column is-layout-flow wp-block-column-is-layout-flow\">\n<h2 class=\"wp-block-heading\">Praticienne Massages Bien-\u00eatre<\/h2>\n\n\n\n<p>J&rsquo;ai souhait\u00e9 enrichir ma pratique avec <strong>des<\/strong> <strong>massages bien-\u00eatre choisis et sp\u00e9cifiques, pouvant r\u00e9pondre pr\u00e9cis\u00e9ment aux besoins des personnes que j&rsquo;accompagne en Naturopathie<\/strong>, sur des th\u00e9matiques r\u00e9currentes : stress, troubles digestifs, circulation lymphatique, poids, besoin d&rsquo;un r\u00e9\u00e9quilibrage global&#8230; Pour cela, j&rsquo;ai choisi le Centre de Formation Naturelia, pour la qualit\u00e9 de ses apprentissages et l&rsquo;excellence de ses protocoles en massages <strong>\u00ab\u00a0Drainage Lympho D\u00e9tox\u00a0\u00bb<\/strong>, <strong>\u00ab\u00a0Chi Nei Tsang\u00a0\u00bb<\/strong> enrichis de la pratique de l&rsquo;<strong>Acupression et Diapasons<\/strong>.<\/p>\n<\/div>\n\n\n\n<div class=\"wp-block-column is-layout-flow wp-block-column-is-layout-flow\">\n<figure class=\"wp-block-image size-large\"><img loading=\"lazy\" decoding=\"async\" width=\"1024\" height=\"819\" src=\"https:\/\/ireneobringer.fr\/wp-content\/uploads\/2025\/01\/Design-sans-titre2-1024x819.jpg\" alt=\"\" class=\"wp-image-614\" srcset=\"https:\/\/ireneobringer.fr\/wp-content\/uploads\/2025\/01\/Design-sans-titre2-1024x819.jpg 1024w, https:\/\/ireneobringer.fr\/wp-content\/uploads\/2025\/01\/Design-sans-titre2-300x240.jpg 300w, https:\/\/ireneobringer.fr\/wp-content\/uploads\/2025\/01\/Design-sans-titre2-768x614.jpg 768w, https:\/\/ireneobringer.fr\/wp-content\/uploads\/2025\/01\/Design-sans-titre2-1536x1229.jpg 1536w, https:\/\/ireneobringer.fr\/wp-content\/uploads\/2025\/01\/Design-sans-titre2.jpg 2000w\" sizes=\"auto, (max-width: 1024px) 100vw, 1024px\" \/><\/figure>\n<\/div>\n<\/div>\n<\/div>\n<\/div>\n\n\n\n<div class=\"wp-block-columns flex-reverse is-layout-flex wp-container-core-columns-is-layout-28f84493 wp-block-columns-is-layout-flex\">\n<div class=\"wp-block-column is-layout-flow wp-block-column-is-layout-flow\">\n<figure class=\"wp-block-image size-full is-resized\"><img loading=\"lazy\" decoding=\"async\" width=\"483\" height=\"480\" src=\"https:\/\/ireneobringer.fr\/wp-content\/uploads\/2024\/08\/logo-ecole-Synergie.png\" alt=\"\" class=\"wp-image-138\" style=\"width:360px;height:auto\" srcset=\"https:\/\/ireneobringer.fr\/wp-content\/uploads\/2024\/08\/logo-ecole-Synergie.png 483w, https:\/\/ireneobringer.fr\/wp-content\/uploads\/2024\/08\/logo-ecole-Synergie-300x298.png 300w, https:\/\/ireneobringer.fr\/wp-content\/uploads\/2024\/08\/logo-ecole-Synergie-150x150.png 150w\" sizes=\"auto, (max-width: 483px) 100vw, 483px\" \/><\/figure>\n<\/div>\n\n\n\n<div class=\"wp-block-column is-layout-flow wp-block-column-is-layout-flow\">\n<h2 class=\"wp-block-heading\">Praticienne en Naturopathie Holistique<\/h2>\n\n\n\n<p>Mon aboutissement personnel : devenir Naturopathe, gr\u00e2ce \u00e0 l&rsquo;\u00c9cole Synergie Naturopathie. Une formation de qualit\u00e9, qui me permet de mettre \u00e0 profit l&rsquo;ensemble des comp\u00e9tences acquises au fils de mes exp\u00e9riences et enseignements re\u00e7us.<\/p>\n<\/div>\n<\/div>\n\n\n\n<hr class=\"wp-block-separator has-alpha-channel-opacity is-style-dots\"\/>\n\n\n\n<div class=\"wp-block-columns is-layout-flex wp-container-core-columns-is-layout-28f84493 wp-block-columns-is-layout-flex\">\n<div class=\"wp-block-column is-layout-flow wp-block-column-is-layout-flow\">\n<h2 class=\"wp-block-heading\">Sylvoth\u00e9rapie (Bains de for\u00eat), par l&rsquo;approche Coach-Respiration<\/h2>\n\n\n\n<p>L\u2019\u00c9cole Buissonni\u00e8re de Sylvoth\u00e9rapie de Jean-Marie DEFOSSEZ m&rsquo;a apport\u00e9 beaucoup en 2019. La Coach Respiration est une technique de <strong>r\u00e9oxyg\u00e9nation profonde du corps<\/strong>, qui associ\u00e9e aux bienfaits du milieu forestier aide \u00e0 l\u00e2cher prise, se ressourcer, apaiser le corps et l&rsquo;esprit.<\/p>\n<\/div>\n\n\n\n<div class=\"wp-block-column is-layout-flow wp-block-column-is-layout-flow\">\n<figure class=\"wp-block-image size-full\"><img loading=\"lazy\" decoding=\"async\" width=\"1333\" height=\"2000\" src=\"https:\/\/ireneobringer.fr\/wp-content\/uploads\/2025\/01\/al9.jpg\" alt=\"\" class=\"wp-image-603\" srcset=\"https:\/\/ireneobringer.fr\/wp-content\/uploads\/2025\/01\/al9.jpg 1333w, https:\/\/ireneobringer.fr\/wp-content\/uploads\/2025\/01\/al9-200x300.jpg 200w, https:\/\/ireneobringer.fr\/wp-content\/uploads\/2025\/01\/al9-682x1024.jpg 682w, https:\/\/ireneobringer.fr\/wp-content\/uploads\/2025\/01\/al9-768x1152.jpg 768w, https:\/\/ireneobringer.fr\/wp-content\/uploads\/2025\/01\/al9-1024x1536.jpg 1024w\" sizes=\"auto, (max-width: 1333px) 100vw, 1333px\" \/><\/figure>\n<\/div>\n<\/div>\n\n\n\n<hr class=\"wp-block-separator has-alpha-channel-opacity is-style-dots\"\/>\n\n\n\n<div class=\"wp-block-columns flex-reverse is-layout-flex wp-container-core-columns-is-layout-28f84493 wp-block-columns-is-layout-flex\">\n<div class=\"wp-block-column is-layout-flow wp-block-column-is-layout-flow\">\n<figure class=\"wp-block-image size-full\"><img loading=\"lazy\" decoding=\"async\" width=\"1280\" height=\"853\" src=\"https:\/\/ireneobringer.fr\/wp-content\/uploads\/2024\/08\/wellness-285590_1280.jpg\" alt=\"\" class=\"wp-image-259\" srcset=\"https:\/\/ireneobringer.fr\/wp-content\/uploads\/2024\/08\/wellness-285590_1280.jpg 1280w, https:\/\/ireneobringer.fr\/wp-content\/uploads\/2024\/08\/wellness-285590_1280-300x200.jpg 300w, https:\/\/ireneobringer.fr\/wp-content\/uploads\/2024\/08\/wellness-285590_1280-1024x682.jpg 1024w, https:\/\/ireneobringer.fr\/wp-content\/uploads\/2024\/08\/wellness-285590_1280-768x512.jpg 768w\" sizes=\"auto, (max-width: 1280px) 100vw, 1280px\" \/><\/figure>\n<\/div>\n\n\n\n<div class=\"wp-block-column is-layout-flow wp-block-column-is-layout-flow\">\n<h2 class=\"wp-block-heading\">Praticienne LaHoChi, <\/h2>\n\n\n\n<p>Le LaHoChi est une technique \u00e9nerg\u00e9tique holistique bas\u00e9e sur l&rsquo;apposition des mains et qui a pour but d&rsquo;<strong>aider le corps \u00e0 mobiliser son \u00e9nergie pour ses processus de r\u00e9\u00e9quilibrage et de r\u00e9g\u00e9n\u00e9ration.<\/strong> Cette pratique a une action douce pour stimuler la r\u00e9harmonisation du corps, du mental et de la sph\u00e8re \u00e9motionnelle.<\/p>\n<\/div>\n<\/div>\n\n\n\n<hr class=\"wp-block-separator has-alpha-channel-opacity is-style-dots\"\/>\n\n\n\n<div class=\"wp-block-columns is-layout-flex wp-container-core-columns-is-layout-28f84493 wp-block-columns-is-layout-flex\">\n<div class=\"wp-block-column is-layout-flow wp-block-column-is-layout-flow\">\n<h2 class=\"wp-block-heading\">\u00ab\u00a0Cueillette et transformation des plantes, cuisine avec les plantes sauvages\u00a0\u00bb<\/h2>\n\n\n\n<p>Au CFPPA de Die, cette formation est centr\u00e9e sur la botanique de terrain et les transformations diverses des cueillettes. Des professionnels reconnus dans leur domaine ont y apport\u00e9 leur expertise (Thierry THEVENIN &#8211; paysan herboriste ; Bachir HENNI &#8211; formateur culinaire botanique, auteur ; Franck DUBUS &#8211; Pharmacien, Auteur, Enseignant \u00e0 l&rsquo;\u00e9cole Lyonnaise des Plantes)<\/p>\n<\/div>\n\n\n\n<div class=\"wp-block-column is-layout-flow wp-block-column-is-layout-flow\">\n<figure class=\"wp-block-image size-full\"><img loading=\"lazy\" decoding=\"async\" width=\"1280\" height=\"832\" src=\"https:\/\/ireneobringer.fr\/wp-content\/uploads\/2024\/08\/greedy-5138121_1280.jpg\" alt=\"\" class=\"wp-image-246\" srcset=\"https:\/\/ireneobringer.fr\/wp-content\/uploads\/2024\/08\/greedy-5138121_1280.jpg 1280w, https:\/\/ireneobringer.fr\/wp-content\/uploads\/2024\/08\/greedy-5138121_1280-300x195.jpg 300w, https:\/\/ireneobringer.fr\/wp-content\/uploads\/2024\/08\/greedy-5138121_1280-1024x666.jpg 1024w, https:\/\/ireneobringer.fr\/wp-content\/uploads\/2024\/08\/greedy-5138121_1280-768x499.jpg 768w\" sizes=\"auto, (max-width: 1280px) 100vw, 1280px\" \/><\/figure>\n<\/div>\n<\/div>\n\n\n\n<hr class=\"wp-block-separator has-alpha-channel-opacity is-style-dots\"\/>\n\n\n\n<div class=\"wp-block-columns flex-reverse is-layout-flex wp-container-core-columns-is-layout-28f84493 wp-block-columns-is-layout-flex\">\n<div class=\"wp-block-column is-layout-flow wp-block-column-is-layout-flow\">\n<figure class=\"wp-block-image size-full\"><img loading=\"lazy\" decoding=\"async\" width=\"853\" height=\"1280\" src=\"https:\/\/ireneobringer.fr\/wp-content\/uploads\/2024\/08\/mortar-2245491_1280.jpg\" alt=\"\" class=\"wp-image-249\" srcset=\"https:\/\/ireneobringer.fr\/wp-content\/uploads\/2024\/08\/mortar-2245491_1280.jpg 853w, https:\/\/ireneobringer.fr\/wp-content\/uploads\/2024\/08\/mortar-2245491_1280-200x300.jpg 200w, https:\/\/ireneobringer.fr\/wp-content\/uploads\/2024\/08\/mortar-2245491_1280-682x1024.jpg 682w, https:\/\/ireneobringer.fr\/wp-content\/uploads\/2024\/08\/mortar-2245491_1280-768x1152.jpg 768w\" sizes=\"auto, (max-width: 853px) 100vw, 853px\" \/><\/figure>\n<\/div>\n\n\n\n<div class=\"wp-block-column is-layout-flow wp-block-column-is-layout-flow\">\n<h2 class=\"wp-block-heading\">Conseill\u00e8re en herboristerie <\/h2>\n\n\n\n<p>Tout d&rsquo;abord autodidacte car passionn\u00e9e d&rsquo;herboristerie, j&rsquo;ai perfectionn\u00e9 mes connaissances et mon savoir-faire gr\u00e2ce \u00e0 la formation de Conseill\u00e8re en Herboristerie. Ces comp\u00e9tences, valid\u00e9es par l\u2019\u00c9cole EEH apr\u00e8s 2 ans riches en d\u00e9couvertes, me permettent de vous accompagner en toute confiance.<\/p>\n\n\n\n<p><\/p>\n<\/div>\n<\/div>\n","protected":false},"excerpt":{"rendered":"<p>Mon parcoursPassionn\u00e9e par la nature et ses tr\u00e9sors, je suis form\u00e9e \u00e0 la naturopathie avec une sp\u00e9cialisation en herboristerie. Mon objectif : accompagner les personnes en qu\u00eate de bien-\u00eatre en utilisant l&rsquo;hygi\u00e8ne de vie, les plantes et des pratiques naturelles. Chaque individu \u00e9tant unique, j\u2019adapte mes conseils \u00e0 vos besoins sp\u00e9cifiques en respectant votre rythme [&hellip;]<\/p>\n","protected":false},"author":1,"featured_media":0,"parent":0,"menu_order":0,"comment_status":"closed","ping_status":"closed","template":"","meta":{"_themeisle_gutenberg_block_has_review":false,"footnotes":""},"class_list":["post-56","page","type-page","status-publish","hentry"],"_links":{"self":[{"href":"https:\/\/ireneobringer.fr\/index.php?rest_route=\/wp\/v2\/pages\/56","targetHints":{"allow":["GET"]}}],"collection":[{"href":"https:\/\/ireneobringer.fr\/index.php?rest_route=\/wp\/v2\/pages"}],"about":[{"href":"https:\/\/ireneobringer.fr\/index.php?rest_route=\/wp\/v2\/types\/page"}],"author":[{"embeddable":true,"href":"https:\/\/ireneobringer.fr\/index.php?rest_route=\/wp\/v2\/users\/1"}],"replies":[{"embeddable":true,"href":"https:\/\/ireneobringer.fr\/index.php?rest_route=%2Fwp%2Fv2%2Fcomments&post=56"}],"version-history":[{"count":37,"href":"https:\/\/ireneobringer.fr\/index.php?rest_route=\/wp\/v2\/pages\/56\/revisions"}],"predecessor-version":[{"id":692,"href":"https:\/\/ireneobringer.fr\/index.php?rest_route=\/wp\/v2\/pages\/56\/revisions\/692"}],"wp:attachment":[{"href":"https:\/\/ireneobringer.fr\/index.php?rest_route=%2Fwp%2Fv2%2Fmedia&parent=56"}],"curies":[{"name":"wp","href":"https:\/\/api.w.org\/{rel}","templated":true}]}}